{"id":1279,"date":"2021-07-21T13:00:58","date_gmt":"2021-07-21T13:00:58","guid":{"rendered":"https:\/\/pelgrimsrouteclarapad.nl\/?page_id=1279"},"modified":"2022-06-07T13:10:43","modified_gmt":"2022-06-07T13:10:43","slug":"mariakapelletjes","status":"publish","type":"page","link":"https:\/\/pelgrimsrouteclarapad.nl\/index.php\/mariakapelletjes\/","title":{"rendered":"Mariakapelletjes"},"content":{"rendered":"\t\t<div data-elementor-type=\"wp-page\" data-elementor-id=\"1279\" class=\"elementor elementor-1279\">\n\t\t\t\t\t\t<section class=\"elementor-section elementor-top-section elementor-element elementor-element-ad32941 elementor-section-boxed elementor-section-height-default elementor-section-height-default\" data-id=\"ad32941\" data-element_type=\"section\" data-e-type=\"section\">\n\t\t\t\t\t\t<div class=\"elementor-container elementor-column-gap-default\">\n\t\t\t\t\t<div class=\"elementor-column elementor-col-33 elementor-top-column elementor-element elementor-element-f79cc76\" data-id=\"f79cc76\" data-element_type=\"column\" data-e-type=\"column\">\n\t\t\t<div class=\"elementor-widget-wrap elementor-element-populated\">\n\t\t\t\t\t\t<div class=\"elementor-element elementor-element-5bace57 elementor-widget elementor-widget-text-editor\" data-id=\"5bace57\" data-element_type=\"widget\" data-e-type=\"widget\" data-widget_type=\"text-editor.default\">\n\t\t\t\t<div class=\"elementor-widget-container\">\n\t\t\t\t\t\t\t\t\t<p>Mariakapel<\/p><p><strong>Sint-Jozefkathedraal<\/strong><\/p><p>Radesingel 4<\/p><p>9711 EJ GRONINGEN<\/p><p>___________________<\/p><p>Mariakapel (buiten)<\/p><p><strong>Onze-Lieve-Vrouwe-Maria-<\/strong><\/p><p><strong>Tenhemelopneming kerk<\/strong><\/p><p>Doctor Nasseaulaan 3c<\/p><p>9401 HJ ASSEN<\/p><p>___________________<\/p>\t\t\t\t\t\t\t\t<\/div>\n\t\t\t\t<\/div>\n\t\t\t\t\t<\/div>\n\t\t<\/div>\n\t\t\t\t<div class=\"elementor-column elementor-col-33 elementor-top-column elementor-element elementor-element-1ced948\" data-id=\"1ced948\" data-element_type=\"column\" data-e-type=\"column\">\n\t\t\t<div class=\"elementor-widget-wrap elementor-element-populated\">\n\t\t\t\t\t\t<div class=\"elementor-element elementor-element-1402278 elementor-widget elementor-widget-text-editor\" data-id=\"1402278\" data-element_type=\"widget\" data-e-type=\"widget\" data-widget_type=\"text-editor.default\">\n\t\t\t\t<div class=\"elementor-widget-container\">\n\t\t\t\t\t\t\t\t\t<p>Mariakapel vanaf 26 juni\u00a0(buiten)<\/p><p><strong>Sint-Andreaskerk<\/strong><\/p><p><span style=\"color: var( --e-global-color-text ); font-family: var( --e-global-typography-text-font-family ), Sans-serif; font-weight: var( --e-global-typography-text-font-weight );\">Langs De Monde tegen de R.K.-begraafplaats aan<\/span><\/p><p>ZORGVLIED<br \/>___________________<\/p><p>\u00a0<\/p>\t\t\t\t\t\t\t\t<\/div>\n\t\t\t\t<\/div>\n\t\t\t\t\t<\/div>\n\t\t<\/div>\n\t\t\t\t<div class=\"elementor-column elementor-col-33 elementor-top-column elementor-element elementor-element-fe07ba2\" data-id=\"fe07ba2\" data-element_type=\"column\" data-e-type=\"column\">\n\t\t\t<div class=\"elementor-widget-wrap\">\n\t\t\t\t\t\t\t<\/div>\n\t\t<\/div>\n\t\t\t\t\t<\/div>\n\t\t<\/section>\n\t\t\t\t<\/div>\n\t\t","protected":false},"excerpt":{"rendered":"<p>Mariakapel Sint-Jozefkathedraal Radesingel 4 9711 EJ GRONINGEN ___________________ Mariakapel (buiten) Onze-Lieve-Vrouwe-Maria- Tenhemelopneming kerk Doctor Nasseaulaan 3c 9401 HJ ASSEN ___________________ Mariakapel vanaf 26 juni\u00a0(buiten) Sint-Andreaskerk Langs De Monde tegen de R.K.-begraafplaats aan ZORGVLIED___________________ \u00a0<\/p>\n","protected":false},"author":1,"featured_media":0,"parent":0,"menu_order":0,"comment_status":"closed","ping_status":"closed","template":"","meta":{"footnotes":""},"class_list":["post-1279","page","type-page","status-publish","hentry"],"yoast_head":"<!-- This site is optimized with the Yoast SEO plugin v27.4 - https:\/\/yoast.com\/product\/yoast-seo-wordpress\/ -->\n<title>Mariakapelletjes - Het Clarapad<\/title>\n<meta name=\"description\" content=\"Hier vindt u de lijst waar u Mariakapelletjes kunt vinden. Tot nu toe is er \u00e9\u00e9n in Groningen en \u00e9\u00e9n in Assen.\" \/>\n<meta name=\"robots\" content=\"index, follow, max-snippet:-1, max-image-preview:large, max-video-preview:-1\" \/>\n<link rel=\"canonical\" href=\"https:\/\/pelgrimsrouteclarapad.nl\/index.php\/mariakapelletjes\/\" \/>\n<meta property=\"og:locale\" content=\"en_US\" \/>\n<meta property=\"og:type\" content=\"article\" \/>\n<meta property=\"og:title\" content=\"Mariakapelletjes - Het Clarapad\" \/>\n<meta property=\"og:description\" content=\"Hier vindt u de lijst waar u Mariakapelletjes kunt vinden. Tot nu toe is er \u00e9\u00e9n in Groningen en \u00e9\u00e9n in Assen.\" \/>\n<meta property=\"og:url\" content=\"https:\/\/pelgrimsrouteclarapad.nl\/index.php\/mariakapelletjes\/\" \/>\n<meta property=\"og:site_name\" content=\"Het Clarapad\" \/>\n<meta property=\"article:modified_time\" content=\"2022-06-07T13:10:43+00:00\" \/>\n<meta name=\"twitter:card\" content=\"summary_large_image\" \/>\n<meta name=\"twitter:label1\" content=\"Est. reading time\" \/>\n\t<meta name=\"twitter:data1\" content=\"1 minute\" \/>\n<script type=\"application\/ld+json\" class=\"yoast-schema-graph\">{\"@context\":\"https:\\\/\\\/schema.org\",\"@graph\":[{\"@type\":\"WebPage\",\"@id\":\"https:\\\/\\\/pelgrimsrouteclarapad.nl\\\/index.php\\\/mariakapelletjes\\\/\",\"url\":\"https:\\\/\\\/pelgrimsrouteclarapad.nl\\\/index.php\\\/mariakapelletjes\\\/\",\"name\":\"Mariakapelletjes - Het Clarapad\",\"isPartOf\":{\"@id\":\"https:\\\/\\\/pelgrimsrouteclarapad.nl\\\/#website\"},\"datePublished\":\"2021-07-21T13:00:58+00:00\",\"dateModified\":\"2022-06-07T13:10:43+00:00\",\"description\":\"Hier vindt u de lijst waar u Mariakapelletjes kunt vinden. Tot nu toe is er \u00e9\u00e9n in Groningen en \u00e9\u00e9n in Assen.\",\"breadcrumb\":{\"@id\":\"https:\\\/\\\/pelgrimsrouteclarapad.nl\\\/index.php\\\/mariakapelletjes\\\/#breadcrumb\"},\"inLanguage\":\"en-US\",\"potentialAction\":[{\"@type\":\"ReadAction\",\"target\":[\"https:\\\/\\\/pelgrimsrouteclarapad.nl\\\/index.php\\\/mariakapelletjes\\\/\"]}]},{\"@type\":\"BreadcrumbList\",\"@id\":\"https:\\\/\\\/pelgrimsrouteclarapad.nl\\\/index.php\\\/mariakapelletjes\\\/#breadcrumb\",\"itemListElement\":[{\"@type\":\"ListItem\",\"position\":1,\"name\":\"Home\",\"item\":\"https:\\\/\\\/pelgrimsrouteclarapad.nl\\\/\"},{\"@type\":\"ListItem\",\"position\":2,\"name\":\"Mariakapelletjes\"}]},{\"@type\":\"WebSite\",\"@id\":\"https:\\\/\\\/pelgrimsrouteclarapad.nl\\\/#website\",\"url\":\"https:\\\/\\\/pelgrimsrouteclarapad.nl\\\/\",\"name\":\"Het Clarapad\",\"description\":\"Alles over de bedevaart\",\"publisher\":{\"@id\":\"https:\\\/\\\/pelgrimsrouteclarapad.nl\\\/#organization\"},\"potentialAction\":[{\"@type\":\"SearchAction\",\"target\":{\"@type\":\"EntryPoint\",\"urlTemplate\":\"https:\\\/\\\/pelgrimsrouteclarapad.nl\\\/?s={search_term_string}\"},\"query-input\":{\"@type\":\"PropertyValueSpecification\",\"valueRequired\":true,\"valueName\":\"search_term_string\"}}],\"inLanguage\":\"en-US\"},{\"@type\":\"Organization\",\"@id\":\"https:\\\/\\\/pelgrimsrouteclarapad.nl\\\/#organization\",\"name\":\"Het Clarapad\",\"url\":\"https:\\\/\\\/pelgrimsrouteclarapad.nl\\\/\",\"logo\":{\"@type\":\"ImageObject\",\"inLanguage\":\"en-US\",\"@id\":\"https:\\\/\\\/pelgrimsrouteclarapad.nl\\\/#\\\/schema\\\/logo\\\/image\\\/\",\"url\":\"https:\\\/\\\/pelgrimsrouteclarapad.nl\\\/wp-content\\\/uploads\\\/2021\\\/01\\\/logo-clara-green-round-150.png\",\"contentUrl\":\"https:\\\/\\\/pelgrimsrouteclarapad.nl\\\/wp-content\\\/uploads\\\/2021\\\/01\\\/logo-clara-green-round-150.png\",\"width\":150,\"height\":150,\"caption\":\"Het Clarapad\"},\"image\":{\"@id\":\"https:\\\/\\\/pelgrimsrouteclarapad.nl\\\/#\\\/schema\\\/logo\\\/image\\\/\"}}]}<\/script>\n<!-- \/ Yoast SEO plugin. -->","yoast_head_json":{"title":"Mariakapelletjes - Het Clarapad","description":"Hier vindt u de lijst waar u Mariakapelletjes kunt vinden. Tot nu toe is er \u00e9\u00e9n in Groningen en \u00e9\u00e9n in Assen.","robots":{"index":"index","follow":"follow","max-snippet":"max-snippet:-1","max-image-preview":"max-image-preview:large","max-video-preview":"max-video-preview:-1"},"canonical":"https:\/\/pelgrimsrouteclarapad.nl\/index.php\/mariakapelletjes\/","og_locale":"en_US","og_type":"article","og_title":"Mariakapelletjes - Het Clarapad","og_description":"Hier vindt u de lijst waar u Mariakapelletjes kunt vinden. Tot nu toe is er \u00e9\u00e9n in Groningen en \u00e9\u00e9n in Assen.","og_url":"https:\/\/pelgrimsrouteclarapad.nl\/index.php\/mariakapelletjes\/","og_site_name":"Het Clarapad","article_modified_time":"2022-06-07T13:10:43+00:00","twitter_card":"summary_large_image","twitter_misc":{"Est. reading time":"1 minute"},"schema":{"@context":"https:\/\/schema.org","@graph":[{"@type":"WebPage","@id":"https:\/\/pelgrimsrouteclarapad.nl\/index.php\/mariakapelletjes\/","url":"https:\/\/pelgrimsrouteclarapad.nl\/index.php\/mariakapelletjes\/","name":"Mariakapelletjes - Het Clarapad","isPartOf":{"@id":"https:\/\/pelgrimsrouteclarapad.nl\/#website"},"datePublished":"2021-07-21T13:00:58+00:00","dateModified":"2022-06-07T13:10:43+00:00","description":"Hier vindt u de lijst waar u Mariakapelletjes kunt vinden. Tot nu toe is er \u00e9\u00e9n in Groningen en \u00e9\u00e9n in Assen.","breadcrumb":{"@id":"https:\/\/pelgrimsrouteclarapad.nl\/index.php\/mariakapelletjes\/#breadcrumb"},"inLanguage":"en-US","potentialAction":[{"@type":"ReadAction","target":["https:\/\/pelgrimsrouteclarapad.nl\/index.php\/mariakapelletjes\/"]}]},{"@type":"BreadcrumbList","@id":"https:\/\/pelgrimsrouteclarapad.nl\/index.php\/mariakapelletjes\/#breadcrumb","itemListElement":[{"@type":"ListItem","position":1,"name":"Home","item":"https:\/\/pelgrimsrouteclarapad.nl\/"},{"@type":"ListItem","position":2,"name":"Mariakapelletjes"}]},{"@type":"WebSite","@id":"https:\/\/pelgrimsrouteclarapad.nl\/#website","url":"https:\/\/pelgrimsrouteclarapad.nl\/","name":"Het Clarapad","description":"Alles over de bedevaart","publisher":{"@id":"https:\/\/pelgrimsrouteclarapad.nl\/#organization"},"potentialAction":[{"@type":"SearchAction","target":{"@type":"EntryPoint","urlTemplate":"https:\/\/pelgrimsrouteclarapad.nl\/?s={search_term_string}"},"query-input":{"@type":"PropertyValueSpecification","valueRequired":true,"valueName":"search_term_string"}}],"inLanguage":"en-US"},{"@type":"Organization","@id":"https:\/\/pelgrimsrouteclarapad.nl\/#organization","name":"Het Clarapad","url":"https:\/\/pelgrimsrouteclarapad.nl\/","logo":{"@type":"ImageObject","inLanguage":"en-US","@id":"https:\/\/pelgrimsrouteclarapad.nl\/#\/schema\/logo\/image\/","url":"https:\/\/pelgrimsrouteclarapad.nl\/wp-content\/uploads\/2021\/01\/logo-clara-green-round-150.png","contentUrl":"https:\/\/pelgrimsrouteclarapad.nl\/wp-content\/uploads\/2021\/01\/logo-clara-green-round-150.png","width":150,"height":150,"caption":"Het Clarapad"},"image":{"@id":"https:\/\/pelgrimsrouteclarapad.nl\/#\/schema\/logo\/image\/"}}]}},"_links":{"self":[{"href":"https:\/\/pelgrimsrouteclarapad.nl\/index.php\/wp-json\/wp\/v2\/pages\/1279","targetHints":{"allow":["GET"]}}],"collection":[{"href":"https:\/\/pelgrimsrouteclarapad.nl\/index.php\/wp-json\/wp\/v2\/pages"}],"about":[{"href":"https:\/\/pelgrimsrouteclarapad.nl\/index.php\/wp-json\/wp\/v2\/types\/page"}],"author":[{"embeddable":true,"href":"https:\/\/pelgrimsrouteclarapad.nl\/index.php\/wp-json\/wp\/v2\/users\/1"}],"replies":[{"embeddable":true,"href":"https:\/\/pelgrimsrouteclarapad.nl\/index.php\/wp-json\/wp\/v2\/comments?post=1279"}],"version-history":[{"count":29,"href":"https:\/\/pelgrimsrouteclarapad.nl\/index.php\/wp-json\/wp\/v2\/pages\/1279\/revisions"}],"predecessor-version":[{"id":1854,"href":"https:\/\/pelgrimsrouteclarapad.nl\/index.php\/wp-json\/wp\/v2\/pages\/1279\/revisions\/1854"}],"wp:attachment":[{"href":"https:\/\/pelgrimsrouteclarapad.nl\/index.php\/wp-json\/wp\/v2\/media?parent=1279"}],"curies":[{"name":"wp","href":"https:\/\/api.w.org\/{rel}","templated":true}]}}