{"id":143,"date":"2021-01-07T12:28:16","date_gmt":"2021-01-07T12:28:16","guid":{"rendered":"https:\/\/pelgrimsrouteclarapad.nl\/?page_id=143"},"modified":"2022-07-26T09:58:44","modified_gmt":"2022-07-26T09:58:44","slug":"meest-gestelde-vragen","status":"publish","type":"page","link":"https:\/\/pelgrimsrouteclarapad.nl\/index.php\/meest-gestelde-vragen\/","title":{"rendered":"MEEST GESTELDE VRAGEN"},"content":{"rendered":"\t\t<div data-elementor-type=\"wp-page\" data-elementor-id=\"143\" class=\"elementor elementor-143\">\n\t\t\t\t\t\t<section class=\"elementor-section elementor-top-section elementor-element elementor-element-9352a6d elementor-section-boxed elementor-section-height-default elementor-section-height-default\" data-id=\"9352a6d\" data-element_type=\"section\" data-e-type=\"section\">\n\t\t\t\t\t\t<div class=\"elementor-container elementor-column-gap-default\">\n\t\t\t\t\t<div class=\"elementor-column elementor-col-100 elementor-top-column elementor-element elementor-element-6f6365a\" data-id=\"6f6365a\" data-element_type=\"column\" data-e-type=\"column\">\n\t\t\t<div class=\"elementor-widget-wrap elementor-element-populated\">\n\t\t\t\t\t\t<div class=\"elementor-element elementor-element-054f87f elementor-widget elementor-widget-text-editor\" data-id=\"054f87f\" data-element_type=\"widget\" data-e-type=\"widget\" data-widget_type=\"text-editor.default\">\n\t\t\t\t<div class=\"elementor-widget-container\">\n\t\t\t\t\t\t\t\t\t<p><strong>Hieronder vind u de meest gestelde vragen over de pelgrimsroute van het Clarapad:<\/strong><\/p><ol><li><strong>Waar kan ik het boekje kopen?<\/strong> U kunt het boekje bestellen in de\u00a0<a href=\"https:\/\/atelierhetsneeuwklokje.nl\/\" target=\"_blank\" rel=\"noopener\">webwinkel<\/a>.\u00a0 \u00a0 \u00a0 \u00a0 \u00a0 \u00a0 \u00a0 \u00a0 \u00a0 \u00a0 \u00a0 \u00a0 \u00a0 \u00a0 \u00a0 \u00a0 \u00a0 \u00a0 \u00a0 \u00a0 \u00a0 \u00a0 \u00a0 \u00a0 \u00a0 \u00a0 \u00a0 \u00a0 \u00a0 \u00a0 \u00a0 \u00a0 \u00a0 \u00a0 \u00a0 \u00a0 \u00a0 \u00a0 \u00a0 (menu optie: Clarapad webwinkel via Atelier &#8216;t Sneeuwklokje)<\/li><li><strong>Alles is in het Nederlands, waar kan ik het vinden in andere talen?<\/strong> Het is voorlopig alleen in het Nederlands, maar deze website wordt vertaald naar Pools, Engels, Frans, Duits, Spaans en Italiaans.<\/li><li><strong>Tot waar gaat pelgrimsroute Clarapad?<\/strong> Het gaat voorlopig naar Megen, maar het wordt in de toekomst verlengd. De pelgrimsroute Clarapad loopt via Taiz\u00e9 (Frankrijk) naar Assisi (Itali\u00eb). Deze bedevaart is in ontwikkeling en zal in delen worden geopend. Hierover wordt u ter zijner tijd via deze site ge\u00efnformeerd.<\/li><li><strong>Moet ik het hele route lopen?<\/strong> Natuurlijk niet, u kunt ook bepaalde trajecten lopen.<\/li><li><strong>Kan het ook op de fiets?<\/strong> U kunt pelgrimsroute Clarapad ook volgen op de fiets. Er gelden dan andere trajecten, klik op: Home \/ Clara&#8217;s pelgrimsroutes, en dan vindt u de fietstrajecten.<\/li><li><strong>Waar vind ik de Mariakapelletjes?<\/strong> Onder het kopje &#8216;Mariakapelletjes&#8217; op deze site.<\/li><\/ol>\t\t\t\t\t\t\t\t<\/div>\n\t\t\t\t<\/div>\n\t\t\t\t\t<\/div>\n\t\t<\/div>\n\t\t\t\t\t<\/div>\n\t\t<\/section>\n\t\t\t\t<\/div>\n\t\t","protected":false},"excerpt":{"rendered":"<p>Hieronder vind u de meest gestelde vragen over de pelgrimsroute van het Clarapad: Waar kan ik het boekje kopen? U kunt het boekje bestellen in de\u00a0webwinkel.\u00a0 \u00a0 \u00a0 \u00a0 \u00a0 \u00a0 \u00a0 \u00a0 \u00a0 \u00a0 \u00a0 \u00a0 \u00a0 \u00a0 \u00a0 \u00a0 \u00a0 \u00a0 \u00a0 \u00a0 \u00a0 \u00a0 \u00a0 \u00a0 \u00a0 \u00a0 \u00a0 \u00a0 \u00a0 \u00a0 &hellip; <\/p>\n","protected":false},"author":1,"featured_media":0,"parent":0,"menu_order":0,"comment_status":"closed","ping_status":"closed","template":"","meta":{"footnotes":""},"class_list":["post-143","page","type-page","status-publish","hentry"],"yoast_head":"<!-- This site is optimized with the Yoast SEO plugin v27.4 - https:\/\/yoast.com\/product\/yoast-seo-wordpress\/ -->\n<title>MEEST GESTELDE VRAGEN - Het Clarapad<\/title>\n<meta name=\"description\" content=\"Hier vindt u de meest gestelde vragen over de pelgrimsroute van het Clarapad. Neem gerust contact met ons op als u vraag hier niet bij staat.\" \/>\n<meta name=\"robots\" content=\"index, follow, max-snippet:-1, max-image-preview:large, max-video-preview:-1\" \/>\n<link rel=\"canonical\" href=\"https:\/\/pelgrimsrouteclarapad.nl\/index.php\/meest-gestelde-vragen\/\" \/>\n<meta property=\"og:locale\" content=\"en_US\" \/>\n<meta property=\"og:type\" content=\"article\" \/>\n<meta property=\"og:title\" content=\"MEEST GESTELDE VRAGEN - Het Clarapad\" \/>\n<meta property=\"og:description\" content=\"Hier vindt u de meest gestelde vragen over de pelgrimsroute van het Clarapad. Neem gerust contact met ons op als u vraag hier niet bij staat.\" \/>\n<meta property=\"og:url\" content=\"https:\/\/pelgrimsrouteclarapad.nl\/index.php\/meest-gestelde-vragen\/\" \/>\n<meta property=\"og:site_name\" content=\"Het Clarapad\" \/>\n<meta property=\"article:modified_time\" content=\"2022-07-26T09:58:44+00:00\" \/>\n<meta name=\"twitter:card\" content=\"summary_large_image\" \/>\n<meta name=\"twitter:label1\" content=\"Est. reading time\" \/>\n\t<meta name=\"twitter:data1\" content=\"1 minute\" \/>\n<script type=\"application\/ld+json\" class=\"yoast-schema-graph\">{\"@context\":\"https:\\\/\\\/schema.org\",\"@graph\":[{\"@type\":\"WebPage\",\"@id\":\"https:\\\/\\\/pelgrimsrouteclarapad.nl\\\/index.php\\\/meest-gestelde-vragen\\\/\",\"url\":\"https:\\\/\\\/pelgrimsrouteclarapad.nl\\\/index.php\\\/meest-gestelde-vragen\\\/\",\"name\":\"MEEST GESTELDE VRAGEN - Het Clarapad\",\"isPartOf\":{\"@id\":\"https:\\\/\\\/pelgrimsrouteclarapad.nl\\\/#website\"},\"datePublished\":\"2021-01-07T12:28:16+00:00\",\"dateModified\":\"2022-07-26T09:58:44+00:00\",\"description\":\"Hier vindt u de meest gestelde vragen over de pelgrimsroute van het Clarapad. Neem gerust contact met ons op als u vraag hier niet bij staat.\",\"breadcrumb\":{\"@id\":\"https:\\\/\\\/pelgrimsrouteclarapad.nl\\\/index.php\\\/meest-gestelde-vragen\\\/#breadcrumb\"},\"inLanguage\":\"en-US\",\"potentialAction\":[{\"@type\":\"ReadAction\",\"target\":[\"https:\\\/\\\/pelgrimsrouteclarapad.nl\\\/index.php\\\/meest-gestelde-vragen\\\/\"]}]},{\"@type\":\"BreadcrumbList\",\"@id\":\"https:\\\/\\\/pelgrimsrouteclarapad.nl\\\/index.php\\\/meest-gestelde-vragen\\\/#breadcrumb\",\"itemListElement\":[{\"@type\":\"ListItem\",\"position\":1,\"name\":\"Home\",\"item\":\"https:\\\/\\\/pelgrimsrouteclarapad.nl\\\/\"},{\"@type\":\"ListItem\",\"position\":2,\"name\":\"MEEST GESTELDE VRAGEN\"}]},{\"@type\":\"WebSite\",\"@id\":\"https:\\\/\\\/pelgrimsrouteclarapad.nl\\\/#website\",\"url\":\"https:\\\/\\\/pelgrimsrouteclarapad.nl\\\/\",\"name\":\"Het Clarapad\",\"description\":\"Alles over de bedevaart\",\"publisher\":{\"@id\":\"https:\\\/\\\/pelgrimsrouteclarapad.nl\\\/#organization\"},\"potentialAction\":[{\"@type\":\"SearchAction\",\"target\":{\"@type\":\"EntryPoint\",\"urlTemplate\":\"https:\\\/\\\/pelgrimsrouteclarapad.nl\\\/?s={search_term_string}\"},\"query-input\":{\"@type\":\"PropertyValueSpecification\",\"valueRequired\":true,\"valueName\":\"search_term_string\"}}],\"inLanguage\":\"en-US\"},{\"@type\":\"Organization\",\"@id\":\"https:\\\/\\\/pelgrimsrouteclarapad.nl\\\/#organization\",\"name\":\"Het Clarapad\",\"url\":\"https:\\\/\\\/pelgrimsrouteclarapad.nl\\\/\",\"logo\":{\"@type\":\"ImageObject\",\"inLanguage\":\"en-US\",\"@id\":\"https:\\\/\\\/pelgrimsrouteclarapad.nl\\\/#\\\/schema\\\/logo\\\/image\\\/\",\"url\":\"https:\\\/\\\/pelgrimsrouteclarapad.nl\\\/wp-content\\\/uploads\\\/2021\\\/01\\\/logo-clara-green-round-150.png\",\"contentUrl\":\"https:\\\/\\\/pelgrimsrouteclarapad.nl\\\/wp-content\\\/uploads\\\/2021\\\/01\\\/logo-clara-green-round-150.png\",\"width\":150,\"height\":150,\"caption\":\"Het Clarapad\"},\"image\":{\"@id\":\"https:\\\/\\\/pelgrimsrouteclarapad.nl\\\/#\\\/schema\\\/logo\\\/image\\\/\"}}]}<\/script>\n<!-- \/ Yoast SEO plugin. -->","yoast_head_json":{"title":"MEEST GESTELDE VRAGEN - Het Clarapad","description":"Hier vindt u de meest gestelde vragen over de pelgrimsroute van het Clarapad. Neem gerust contact met ons op als u vraag hier niet bij staat.","robots":{"index":"index","follow":"follow","max-snippet":"max-snippet:-1","max-image-preview":"max-image-preview:large","max-video-preview":"max-video-preview:-1"},"canonical":"https:\/\/pelgrimsrouteclarapad.nl\/index.php\/meest-gestelde-vragen\/","og_locale":"en_US","og_type":"article","og_title":"MEEST GESTELDE VRAGEN - Het Clarapad","og_description":"Hier vindt u de meest gestelde vragen over de pelgrimsroute van het Clarapad. Neem gerust contact met ons op als u vraag hier niet bij staat.","og_url":"https:\/\/pelgrimsrouteclarapad.nl\/index.php\/meest-gestelde-vragen\/","og_site_name":"Het Clarapad","article_modified_time":"2022-07-26T09:58:44+00:00","twitter_card":"summary_large_image","twitter_misc":{"Est. reading time":"1 minute"},"schema":{"@context":"https:\/\/schema.org","@graph":[{"@type":"WebPage","@id":"https:\/\/pelgrimsrouteclarapad.nl\/index.php\/meest-gestelde-vragen\/","url":"https:\/\/pelgrimsrouteclarapad.nl\/index.php\/meest-gestelde-vragen\/","name":"MEEST GESTELDE VRAGEN - Het Clarapad","isPartOf":{"@id":"https:\/\/pelgrimsrouteclarapad.nl\/#website"},"datePublished":"2021-01-07T12:28:16+00:00","dateModified":"2022-07-26T09:58:44+00:00","description":"Hier vindt u de meest gestelde vragen over de pelgrimsroute van het Clarapad. Neem gerust contact met ons op als u vraag hier niet bij staat.","breadcrumb":{"@id":"https:\/\/pelgrimsrouteclarapad.nl\/index.php\/meest-gestelde-vragen\/#breadcrumb"},"inLanguage":"en-US","potentialAction":[{"@type":"ReadAction","target":["https:\/\/pelgrimsrouteclarapad.nl\/index.php\/meest-gestelde-vragen\/"]}]},{"@type":"BreadcrumbList","@id":"https:\/\/pelgrimsrouteclarapad.nl\/index.php\/meest-gestelde-vragen\/#breadcrumb","itemListElement":[{"@type":"ListItem","position":1,"name":"Home","item":"https:\/\/pelgrimsrouteclarapad.nl\/"},{"@type":"ListItem","position":2,"name":"MEEST GESTELDE VRAGEN"}]},{"@type":"WebSite","@id":"https:\/\/pelgrimsrouteclarapad.nl\/#website","url":"https:\/\/pelgrimsrouteclarapad.nl\/","name":"Het Clarapad","description":"Alles over de bedevaart","publisher":{"@id":"https:\/\/pelgrimsrouteclarapad.nl\/#organization"},"potentialAction":[{"@type":"SearchAction","target":{"@type":"EntryPoint","urlTemplate":"https:\/\/pelgrimsrouteclarapad.nl\/?s={search_term_string}"},"query-input":{"@type":"PropertyValueSpecification","valueRequired":true,"valueName":"search_term_string"}}],"inLanguage":"en-US"},{"@type":"Organization","@id":"https:\/\/pelgrimsrouteclarapad.nl\/#organization","name":"Het Clarapad","url":"https:\/\/pelgrimsrouteclarapad.nl\/","logo":{"@type":"ImageObject","inLanguage":"en-US","@id":"https:\/\/pelgrimsrouteclarapad.nl\/#\/schema\/logo\/image\/","url":"https:\/\/pelgrimsrouteclarapad.nl\/wp-content\/uploads\/2021\/01\/logo-clara-green-round-150.png","contentUrl":"https:\/\/pelgrimsrouteclarapad.nl\/wp-content\/uploads\/2021\/01\/logo-clara-green-round-150.png","width":150,"height":150,"caption":"Het Clarapad"},"image":{"@id":"https:\/\/pelgrimsrouteclarapad.nl\/#\/schema\/logo\/image\/"}}]}},"_links":{"self":[{"href":"https:\/\/pelgrimsrouteclarapad.nl\/index.php\/wp-json\/wp\/v2\/pages\/143","targetHints":{"allow":["GET"]}}],"collection":[{"href":"https:\/\/pelgrimsrouteclarapad.nl\/index.php\/wp-json\/wp\/v2\/pages"}],"about":[{"href":"https:\/\/pelgrimsrouteclarapad.nl\/index.php\/wp-json\/wp\/v2\/types\/page"}],"author":[{"embeddable":true,"href":"https:\/\/pelgrimsrouteclarapad.nl\/index.php\/wp-json\/wp\/v2\/users\/1"}],"replies":[{"embeddable":true,"href":"https:\/\/pelgrimsrouteclarapad.nl\/index.php\/wp-json\/wp\/v2\/comments?post=143"}],"version-history":[{"count":81,"href":"https:\/\/pelgrimsrouteclarapad.nl\/index.php\/wp-json\/wp\/v2\/pages\/143\/revisions"}],"predecessor-version":[{"id":1916,"href":"https:\/\/pelgrimsrouteclarapad.nl\/index.php\/wp-json\/wp\/v2\/pages\/143\/revisions\/1916"}],"wp:attachment":[{"href":"https:\/\/pelgrimsrouteclarapad.nl\/index.php\/wp-json\/wp\/v2\/media?parent=143"}],"curies":[{"name":"wp","href":"https:\/\/api.w.org\/{rel}","templated":true}]}}